{"id":952,"date":"2022-03-21T12:23:36","date_gmt":"2022-03-21T11:23:36","guid":{"rendered":"http:\/\/borghi-impiantiwp.dev.elogic.it\/?page_id=952"},"modified":"2024-08-01T14:41:38","modified_gmt":"2024-08-01T12:41:38","slug":"lavora-con-noi","status":"publish","type":"page","link":"https:\/\/t-erre.it\/en\/lavora-con-noi\/","title":{"rendered":"Work with us"},"content":{"rendered":"<div data-elementor-type=\"wp-page\" data-elementor-id=\"952\" class=\"elementor elementor-952\" data-elementor-post-type=\"page\">\n\t\t\t\t\t\t<section data-dce-background-image-url=\"http:\/\/www.borghi-impianti.com\/wp-content\/uploads\/2022\/03\/Work.jpg\" class=\"elementor-section elementor-top-section elementor-element elementor-element-6f65f4c2 elementor-section-full_width elementor-section-height-min-height elementor-section-height-default elementor-section-items-middle\" data-id=\"6f65f4c2\" data-element_type=\"section\" data-settings=\"{&quot;background_background&quot;:&quot;classic&quot;}\">\n\t\t\t\t\t\t<div class=\"elementor-container elementor-column-gap-no\">\n\t\t\t\t\t<div class=\"elementor-column elementor-col-100 elementor-top-column elementor-element elementor-element-3a25a787\" data-id=\"3a25a787\" data-element_type=\"column\">\n\t\t\t<div class=\"elementor-widget-wrap\">\n\t\t\t\t\t\t\t<\/div>\n\t\t<\/div>\n\t\t\t\t\t<\/div>\n\t\t<\/section>\n\t\t\t\t<section data-dce-background-color=\"#4B4B4B\" class=\"elementor-section elementor-top-section elementor-element elementor-element-2c1d5c8c elementor-section-full_width elementor-section-height-default elementor-section-height-default\" data-id=\"2c1d5c8c\" data-element_type=\"section\" data-settings=\"{&quot;background_background&quot;:&quot;classic&quot;}\">\n\t\t\t\t\t\t<div class=\"elementor-container elementor-column-gap-default\">\n\t\t\t\t\t<div class=\"elementor-column elementor-col-100 elementor-top-column elementor-element elementor-element-3f94bb19\" data-id=\"3f94bb19\" data-element_type=\"column\">\n\t\t\t<div class=\"elementor-widget-wrap elementor-element-populated\">\n\t\t\t\t\t\t<div class=\"elementor-element elementor-element-19843ace elementor-widget elementor-widget-heading\" data-id=\"19843ace\" data-element_type=\"widget\" data-widget_type=\"heading.default\">\n\t\t\t\t<div class=\"elementor-widget-container\">\n\t\t\t\t\t<h2 class=\"elementor-heading-title elementor-size-default\">work with us<\/h2>\t\t\t\t<\/div>\n\t\t\t\t<\/div>\n\t\t\t\t\t<\/div>\n\t\t<\/div>\n\t\t\t\t\t<\/div>\n\t\t<\/section>\n\t\t\t\t<section class=\"elementor-section elementor-top-section elementor-element elementor-element-15e818d5 elementor-section-boxed elementor-section-height-default elementor-section-height-default\" data-id=\"15e818d5\" data-element_type=\"section\">\n\t\t\t\t\t\t<div class=\"elementor-container elementor-column-gap-default\">\n\t\t\t\t\t<div class=\"elementor-column elementor-col-50 elementor-top-column elementor-element elementor-element-6b4915f2\" data-id=\"6b4915f2\" data-element_type=\"column\">\n\t\t\t<div class=\"elementor-widget-wrap elementor-element-populated\">\n\t\t\t\t\t\t<section data-dce-background-color=\"#F6F6F6\" class=\"elementor-section elementor-inner-section elementor-element elementor-element-b8a11c1 elementor-section-boxed elementor-section-height-default elementor-section-height-default\" data-id=\"b8a11c1\" data-element_type=\"section\" data-settings=\"{&quot;background_background&quot;:&quot;classic&quot;}\">\n\t\t\t\t\t\t<div class=\"elementor-container elementor-column-gap-default\">\n\t\t\t\t\t<div class=\"elementor-column elementor-col-100 elementor-inner-column elementor-element elementor-element-556292d\" data-id=\"556292d\" data-element_type=\"column\">\n\t\t\t<div class=\"elementor-widget-wrap elementor-element-populated\">\n\t\t\t\t\t\t<div class=\"elementor-element elementor-element-302835b elementor-widget elementor-widget-heading\" data-id=\"302835b\" data-element_type=\"widget\" data-widget_type=\"heading.default\">\n\t\t\t\t<div class=\"elementor-widget-container\">\n\t\t\t\t\t<span class=\"elementor-heading-title elementor-size-default\">In this section:<\/span>\t\t\t\t<\/div>\n\t\t\t\t<\/div>\n\t\t\t\t<div class=\"elementor-element elementor-element-63cb360 elementor-widget-divider--view-line elementor-widget elementor-widget-divider\" data-id=\"63cb360\" data-element_type=\"widget\" data-widget_type=\"divider.default\">\n\t\t\t\t<div class=\"elementor-widget-container\">\n\t\t\t\t\t\t\t<div class=\"elementor-divider\">\n\t\t\t<span class=\"elementor-divider-separator\">\n\t\t\t\t\t\t<\/span>\n\t\t<\/div>\n\t\t\t\t\t\t<\/div>\n\t\t\t\t<\/div>\n\t\t\t\t<div class=\"elementor-element elementor-element-cac6753 elementor-nav-menu__align-start elementor-nav-menu--dropdown-none elementor-widget elementor-widget-nav-menu\" data-id=\"cac6753\" data-element_type=\"widget\" data-settings=\"{&quot;layout&quot;:&quot;vertical&quot;,&quot;submenu_icon&quot;:{&quot;value&quot;:&quot;&lt;i class=\\&quot;\\&quot;&gt;&lt;\\\/i&gt;&quot;,&quot;library&quot;:&quot;&quot;}}\" data-widget_type=\"nav-menu.default\">\n\t\t\t\t<div class=\"elementor-widget-container\">\n\t\t\t\t\t\t\t\t<nav aria-label=\"Menu\" class=\"elementor-nav-menu--main elementor-nav-menu__container elementor-nav-menu--layout-vertical e--pointer-background e--animation-fade\">\n\t\t\t\t<ul id=\"menu-1-cac6753\" class=\"elementor-nav-menu sm-vertical\"><li class=\"menu-item menu-item-type-custom menu-item-object-custom menu-item-954\"><a href=\"https:\/\/careers.t-erre.it\/\" class=\"elementor-item\">Open position<\/a><\/li>\n<li class=\"menu-item menu-item-type-custom menu-item-object-custom menu-item-955\"><a href=\"https:\/\/careers.t-erre.it\/jobs\/send-cv\" class=\"elementor-item\">Spontaneus applications<\/a><\/li>\n<li class=\"menu-item menu-item-type-custom menu-item-object-custom menu-item-956\"><a href=\"https:\/\/careers.t-erre.it\/account\/login?PreviousPage=\/account\/home\" class=\"elementor-item\">My account<\/a><\/li>\n<\/ul>\t\t\t<\/nav>\n\t\t\t\t\t\t<nav class=\"elementor-nav-menu--dropdown elementor-nav-menu__container\" aria-hidden=\"true\">\n\t\t\t\t<ul id=\"menu-2-cac6753\" class=\"elementor-nav-menu sm-vertical\"><li class=\"menu-item menu-item-type-custom menu-item-object-custom menu-item-954\"><a href=\"https:\/\/careers.t-erre.it\/\" class=\"elementor-item\" tabindex=\"-1\">Open position<\/a><\/li>\n<li class=\"menu-item menu-item-type-custom menu-item-object-custom menu-item-955\"><a href=\"https:\/\/careers.t-erre.it\/jobs\/send-cv\" class=\"elementor-item\" tabindex=\"-1\">Spontaneus applications<\/a><\/li>\n<li class=\"menu-item menu-item-type-custom menu-item-object-custom menu-item-956\"><a href=\"https:\/\/careers.t-erre.it\/account\/login?PreviousPage=\/account\/home\" class=\"elementor-item\" tabindex=\"-1\">My account<\/a><\/li>\n<\/ul>\t\t\t<\/nav>\n\t\t\t\t\t\t<\/div>\n\t\t\t\t<\/div>\n\t\t\t\t\t<\/div>\n\t\t<\/div>\n\t\t\t\t\t<\/div>\n\t\t<\/section>\n\t\t\t\t\t<\/div>\n\t\t<\/div>\n\t\t\t\t<div class=\"elementor-column elementor-col-50 elementor-top-column elementor-element elementor-element-674142c3\" data-id=\"674142c3\" data-element_type=\"column\">\n\t\t\t<div class=\"elementor-widget-wrap elementor-element-populated\">\n\t\t\t\t\t\t<div class=\"elementor-element elementor-element-240a4bbd elementor-widget elementor-widget-heading\" data-id=\"240a4bbd\" data-element_type=\"widget\" data-widget_type=\"heading.default\">\n\t\t\t\t<div class=\"elementor-widget-container\">\n\t\t\t\t\t<h2 class=\"elementor-heading-title elementor-size-default\">WHY CHOOSE t.erre?<\/h2>\t\t\t\t<\/div>\n\t\t\t\t<\/div>\n\t\t\t\t<div class=\"elementor-element elementor-element-ab5c073 elementor-widget elementor-widget-text-editor\" data-id=\"ab5c073\" data-element_type=\"widget\" data-widget_type=\"text-editor.default\">\n\t\t\t\t<div class=\"elementor-widget-container\">\n\t\t\t\t\t\t\t\t\t<p class=\"MsoNormal\" style=\"line-height: 18pt; background-image: initial; background-position: initial; background-size: initial; background-repeat: initial; background-attachment: initial; background-origin: initial; background-clip: initial;\"><span style=\"font-size: 15pt;\">Being part of T.ERRE means joining a dynamic and innovative, stimulating and challenging team with exciting professional growth. Attention to the individual is our priority.<\/span><\/p>\t\t\t\t\t\t\t\t<\/div>\n\t\t\t\t<\/div>\n\t\t\t\t<section data-dce-background-image-url=\"http:\/\/www.borghi-impianti.com\/wp-content\/uploads\/2022\/02\/Muletto.jpg\" class=\"elementor-section elementor-inner-section elementor-element elementor-element-77c1ad7 elementor-section-height-min-height elementor-section-boxed elementor-section-height-default\" data-id=\"77c1ad7\" data-element_type=\"section\" data-settings=\"{&quot;background_background&quot;:&quot;classic&quot;}\">\n\t\t\t\t\t\t\t<div class=\"elementor-background-overlay\"><\/div>\n\t\t\t\t\t\t\t<div class=\"elementor-container elementor-column-gap-default\">\n\t\t\t\t\t<div data-dce-background-color=\"#2D3687CF\" class=\"elementor-column elementor-col-50 elementor-inner-column elementor-element elementor-element-ff8da84\" data-id=\"ff8da84\" data-element_type=\"column\" data-settings=\"{&quot;background_background&quot;:&quot;classic&quot;}\">\n\t\t\t<div class=\"elementor-widget-wrap elementor-element-populated\">\n\t\t\t\t\t\t<div class=\"elementor-element elementor-element-75dee0a elementor-widget elementor-widget-heading\" data-id=\"75dee0a\" data-element_type=\"widget\" data-widget_type=\"heading.default\">\n\t\t\t\t<div class=\"elementor-widget-container\">\n\t\t\t\t\t<h5 class=\"elementor-heading-title elementor-size-default\">T.ERRE World<\/h5>\t\t\t\t<\/div>\n\t\t\t\t<\/div>\n\t\t\t\t<div class=\"elementor-element elementor-element-e1d645f elementor-widget elementor-widget-heading\" data-id=\"e1d645f\" data-element_type=\"widget\" data-widget_type=\"heading.default\">\n\t\t\t\t<div class=\"elementor-widget-container\">\n\t\t\t\t\t<h2 class=\"elementor-heading-title elementor-size-default\">Join now <\/h2>\t\t\t\t<\/div>\n\t\t\t\t<\/div>\n\t\t\t\t<div class=\"elementor-element elementor-element-f668b11 elementor-widget elementor-widget-text-editor\" data-id=\"f668b11\" data-element_type=\"widget\" data-widget_type=\"text-editor.default\">\n\t\t\t\t<div class=\"elementor-widget-container\">\n\t\t\t\t\t\t\t\t\t<p>Our philosophy is geared towards understanding and awareness of the preciousness of human resources.<br>We are constantly looking for talents and professionals to be included in our team.<\/p>\t\t\t\t\t\t\t\t<\/div>\n\t\t\t\t<\/div>\n\t\t\t\t<div class=\"elementor-element elementor-element-b4d6365 elementor-align-center elementor-widget elementor-widget-button\" data-id=\"b4d6365\" data-element_type=\"widget\" data-widget_type=\"button.default\">\n\t\t\t\t<div class=\"elementor-widget-container\">\n\t\t\t\t\t\t\t\t\t<div class=\"elementor-button-wrapper\">\n\t\t\t\t\t<a class=\"elementor-button elementor-button-link elementor-size-sm\" href=\"https:\/\/careers.t-erre.it\/\">\n\t\t\t\t\t\t<span class=\"elementor-button-content-wrapper\">\n\t\t\t\t\t\t\t\t\t<span class=\"elementor-button-text\">Join now<\/span>\n\t\t\t\t\t<\/span>\n\t\t\t\t\t<\/a>\n\t\t\t\t<\/div>\n\t\t\t\t\t\t\t\t<\/div>\n\t\t\t\t<\/div>\n\t\t\t\t\t<\/div>\n\t\t<\/div>\n\t\t\t\t<div class=\"elementor-column elementor-col-50 elementor-inner-column elementor-element elementor-element-56e4e40\" data-id=\"56e4e40\" data-element_type=\"column\">\n\t\t\t<div class=\"elementor-widget-wrap\">\n\t\t\t\t\t\t\t<\/div>\n\t\t<\/div>\n\t\t\t\t\t<\/div>\n\t\t<\/section>\n\t\t\t\t\t<\/div>\n\t\t<\/div>\n\t\t\t\t\t<\/div>\n\t\t<\/section>\n\t\t\t\t<\/div>","protected":false},"excerpt":{"rendered":"<p>lavora con noi In questa sezione: PERCH\u00c8 SCEGLIERE t.erre? Essere parte di T.ERRE significa entrare in un team dinamico ed innovativo, stimolante e sfidante, di entusiasmante crescita professionale. L\u2019attenzione alla persona \u00e8 la nostra priorit\u00e0. Mondo T.ERRE CANDIDATI ORA La nostra \u00e8 una filosofia orientata alla comprensione e consapevolezza della preziosit\u00e0 delle risorse umane.Siamo alla [&hellip;]<\/p>","protected":false},"author":1,"featured_media":0,"parent":0,"menu_order":0,"comment_status":"closed","ping_status":"closed","template":"","meta":{"_acf_changed":false,"footnotes":""},"class_list":["post-952","page","type-page","status-publish","hentry"],"acf":[],"yoast_head":"<!-- This site is optimized with the Yoast SEO plugin v25.1 - https:\/\/yoast.com\/wordpress\/plugins\/seo\/ -->\n<title>Lavora con noi - T.ERRE<\/title>\n<meta name=\"robots\" content=\"index, follow, max-snippet:-1, max-image-preview:large, max-video-preview:-1\" \/>\n<link rel=\"canonical\" href=\"https:\/\/t-erre.it\/en\/lavora-con-noi\/\" \/>\n<meta property=\"og:locale\" content=\"en_GB\" \/>\n<meta property=\"og:type\" content=\"article\" \/>\n<meta property=\"og:title\" content=\"Lavora con noi - T.ERRE\" \/>\n<meta property=\"og:description\" content=\"lavora con noi In questa sezione: PERCH\u00c8 SCEGLIERE t.erre? Essere parte di T.ERRE significa entrare in un team dinamico ed innovativo, stimolante e sfidante, di entusiasmante crescita professionale. L\u2019attenzione alla persona \u00e8 la nostra priorit\u00e0. Mondo T.ERRE CANDIDATI ORA La nostra \u00e8 una filosofia orientata alla comprensione e consapevolezza della preziosit\u00e0 delle risorse umane.Siamo alla [&hellip;]\" \/>\n<meta property=\"og:url\" content=\"https:\/\/t-erre.it\/en\/lavora-con-noi\/\" \/>\n<meta property=\"og:site_name\" content=\"T.ERRE\" \/>\n<meta property=\"article:modified_time\" content=\"2024-08-01T12:41:38+00:00\" \/>\n<meta name=\"twitter:card\" content=\"summary_large_image\" \/>\n<meta name=\"twitter:label1\" content=\"Estimated reading time\" \/>\n\t<meta name=\"twitter:data1\" content=\"1 minute\" \/>\n<script type=\"application\/ld+json\" class=\"yoast-schema-graph\">{\"@context\":\"https:\/\/schema.org\",\"@graph\":[{\"@type\":\"WebPage\",\"@id\":\"https:\/\/t-erre.it\/lavora-con-noi\/\",\"url\":\"https:\/\/t-erre.it\/lavora-con-noi\/\",\"name\":\"Lavora con noi - T.ERRE\",\"isPartOf\":{\"@id\":\"https:\/\/t-erre.it\/#website\"},\"datePublished\":\"2022-03-21T11:23:36+00:00\",\"dateModified\":\"2024-08-01T12:41:38+00:00\",\"breadcrumb\":{\"@id\":\"https:\/\/t-erre.it\/lavora-con-noi\/#breadcrumb\"},\"inLanguage\":\"en-GB\",\"potentialAction\":[{\"@type\":\"ReadAction\",\"target\":[\"https:\/\/t-erre.it\/lavora-con-noi\/\"]}]},{\"@type\":\"BreadcrumbList\",\"@id\":\"https:\/\/t-erre.it\/lavora-con-noi\/#breadcrumb\",\"itemListElement\":[{\"@type\":\"ListItem\",\"position\":1,\"name\":\"Home\",\"item\":\"https:\/\/t-erre.it\/\"},{\"@type\":\"ListItem\",\"position\":2,\"name\":\"Lavora con noi\"}]},{\"@type\":\"WebSite\",\"@id\":\"https:\/\/t-erre.it\/#website\",\"url\":\"https:\/\/t-erre.it\/\",\"name\":\"T.ERRE\",\"description\":\"Tubazioni rigide e flessibili\",\"publisher\":{\"@id\":\"https:\/\/t-erre.it\/#organization\"},\"potentialAction\":[{\"@type\":\"SearchAction\",\"target\":{\"@type\":\"EntryPoint\",\"urlTemplate\":\"https:\/\/t-erre.it\/?s={search_term_string}\"},\"query-input\":{\"@type\":\"PropertyValueSpecification\",\"valueRequired\":true,\"valueName\":\"search_term_string\"}}],\"inLanguage\":\"en-GB\"},{\"@type\":\"Organization\",\"@id\":\"https:\/\/t-erre.it\/#organization\",\"name\":\"T.ERRE\",\"url\":\"https:\/\/t-erre.it\/\",\"logo\":{\"@type\":\"ImageObject\",\"inLanguage\":\"en-GB\",\"@id\":\"https:\/\/t-erre.it\/#\/schema\/logo\/image\/\",\"url\":\"https:\/\/t-erre.it\/wp-content\/uploads\/2021\/12\/logo50.png\",\"contentUrl\":\"https:\/\/t-erre.it\/wp-content\/uploads\/2021\/12\/logo50.png\",\"width\":1552,\"height\":800,\"caption\":\"T.ERRE\"},\"image\":{\"@id\":\"https:\/\/t-erre.it\/#\/schema\/logo\/image\/\"}}]}<\/script>\n<!-- \/ Yoast SEO plugin. -->","yoast_head_json":{"title":"Lavora con noi - T.ERRE","robots":{"index":"index","follow":"follow","max-snippet":"max-snippet:-1","max-image-preview":"max-image-preview:large","max-video-preview":"max-video-preview:-1"},"canonical":"https:\/\/t-erre.it\/en\/lavora-con-noi\/","og_locale":"en_GB","og_type":"article","og_title":"Lavora con noi - T.ERRE","og_description":"lavora con noi In questa sezione: PERCH\u00c8 SCEGLIERE t.erre? Essere parte di T.ERRE significa entrare in un team dinamico ed innovativo, stimolante e sfidante, di entusiasmante crescita professionale. L\u2019attenzione alla persona \u00e8 la nostra priorit\u00e0. Mondo T.ERRE CANDIDATI ORA La nostra \u00e8 una filosofia orientata alla comprensione e consapevolezza della preziosit\u00e0 delle risorse umane.Siamo alla [&hellip;]","og_url":"https:\/\/t-erre.it\/en\/lavora-con-noi\/","og_site_name":"T.ERRE","article_modified_time":"2024-08-01T12:41:38+00:00","twitter_card":"summary_large_image","twitter_misc":{"Estimated reading time":"1 minute"},"schema":{"@context":"https:\/\/schema.org","@graph":[{"@type":"WebPage","@id":"https:\/\/t-erre.it\/lavora-con-noi\/","url":"https:\/\/t-erre.it\/lavora-con-noi\/","name":"Lavora con noi - T.ERRE","isPartOf":{"@id":"https:\/\/t-erre.it\/#website"},"datePublished":"2022-03-21T11:23:36+00:00","dateModified":"2024-08-01T12:41:38+00:00","breadcrumb":{"@id":"https:\/\/t-erre.it\/lavora-con-noi\/#breadcrumb"},"inLanguage":"en-GB","potentialAction":[{"@type":"ReadAction","target":["https:\/\/t-erre.it\/lavora-con-noi\/"]}]},{"@type":"BreadcrumbList","@id":"https:\/\/t-erre.it\/lavora-con-noi\/#breadcrumb","itemListElement":[{"@type":"ListItem","position":1,"name":"Home","item":"https:\/\/t-erre.it\/"},{"@type":"ListItem","position":2,"name":"Lavora con noi"}]},{"@type":"WebSite","@id":"https:\/\/t-erre.it\/#website","url":"https:\/\/t-erre.it\/","name":"T.ERRE","description":"Tubazioni rigide e flessibili","publisher":{"@id":"https:\/\/t-erre.it\/#organization"},"potentialAction":[{"@type":"SearchAction","target":{"@type":"EntryPoint","urlTemplate":"https:\/\/t-erre.it\/?s={search_term_string}"},"query-input":{"@type":"PropertyValueSpecification","valueRequired":true,"valueName":"search_term_string"}}],"inLanguage":"en-GB"},{"@type":"Organization","@id":"https:\/\/t-erre.it\/#organization","name":"T.ERRE","url":"https:\/\/t-erre.it\/","logo":{"@type":"ImageObject","inLanguage":"en-GB","@id":"https:\/\/t-erre.it\/#\/schema\/logo\/image\/","url":"https:\/\/t-erre.it\/wp-content\/uploads\/2021\/12\/logo50.png","contentUrl":"https:\/\/t-erre.it\/wp-content\/uploads\/2021\/12\/logo50.png","width":1552,"height":800,"caption":"T.ERRE"},"image":{"@id":"https:\/\/t-erre.it\/#\/schema\/logo\/image\/"}}]}},"_links":{"self":[{"href":"https:\/\/t-erre.it\/en\/wp-json\/wp\/v2\/pages\/952","targetHints":{"allow":["GET"]}}],"collection":[{"href":"https:\/\/t-erre.it\/en\/wp-json\/wp\/v2\/pages"}],"about":[{"href":"https:\/\/t-erre.it\/en\/wp-json\/wp\/v2\/types\/page"}],"author":[{"embeddable":true,"href":"https:\/\/t-erre.it\/en\/wp-json\/wp\/v2\/users\/1"}],"replies":[{"embeddable":true,"href":"https:\/\/t-erre.it\/en\/wp-json\/wp\/v2\/comments?post=952"}],"version-history":[{"count":50,"href":"https:\/\/t-erre.it\/en\/wp-json\/wp\/v2\/pages\/952\/revisions"}],"predecessor-version":[{"id":1718,"href":"https:\/\/t-erre.it\/en\/wp-json\/wp\/v2\/pages\/952\/revisions\/1718"}],"wp:attachment":[{"href":"https:\/\/t-erre.it\/en\/wp-json\/wp\/v2\/media?parent=952"}],"curies":[{"name":"wp","href":"https:\/\/api.w.org\/{rel}","templated":true}]}}