{"id":684,"date":"2022-02-15T16:23:01","date_gmt":"2022-02-15T15:23:01","guid":{"rendered":"http:\/\/borghi-impiantiwp.dev.elogic.it\/?page_id=684"},"modified":"2026-03-16T08:38:17","modified_gmt":"2026-03-16T07:38:17","slug":"le-nostre-iniziative-sostenibili","status":"publish","type":"page","link":"https:\/\/t-erre.it\/en\/azienda\/sostenibilita\/le-nostre-iniziative-sostenibili\/","title":{"rendered":"Le nostre iniziative sostenibili"},"content":{"rendered":"<p><strong>Febbraio 2026: Parit\u00e0 di genere: il Gruppo Borghi avvia il percorso di certificazione UNI\/PdR 125<\/strong><\/p>\n<p><img fetchpriority=\"high\" decoding=\"async\" class=\"wp-image-1908 aligncenter\" src=\"https:\/\/t-erre.it\/wp-content\/uploads\/2026\/03\/immagine-siti-web-300x200.png\" alt=\"\" width=\"557\" height=\"371\" srcset=\"https:\/\/t-erre.it\/wp-content\/uploads\/2026\/03\/immagine-siti-web-300x200.png 300w, https:\/\/t-erre.it\/wp-content\/uploads\/2026\/03\/immagine-siti-web.png 1536w\" sizes=\"(max-width: 557px) 100vw, 557px\" \/><\/p>\n<p>Il Gruppo Borghi ha avviato il percorso per l\u2019ottenimento della certificazione per la Parit\u00e0 di Genere secondo la UNI\/PdR 125:2022, la prassi di riferimento che definisce linee guida e indicatori per promuovere modelli organizzativi pi\u00f9 equi, inclusivi e orientati alla valorizzazione delle persone.<\/p>\n<p>L\u2019iniziativa coinvolge tutte le societ\u00e0 del Gruppo \u2013 Gruppo Borghi, T.ERRE, T.ERRE EUROPE, FOR e Borghi Impianti \u2013 con l\u2019obiettivo di rafforzare le politiche aziendali in materia di pari opportunit\u00e0, meritocrazia e trasparenza nei processi di gestione e sviluppo delle risorse umane.<\/p>\n<p>Per accompagnare l\u2019organizzazione in questo percorso \u00e8 stato istituito il Comitato Guida, con il compito di coordinare le attivit\u00e0 previste dalla prassi, monitorare gli indicatori e promuovere azioni di miglioramento continuo in ambito organizzativo e culturale.<\/p>\n<p>Il processo di certificazione rappresenta uno strumento concreto per strutturare e misurare nel tempo l\u2019impegno del Gruppo verso un ambiente di lavoro inclusivo, capace di valorizzare competenze, talenti e contributi individuali.<\/p>\n<p>L\u2019iniziativa si inserisce inoltre nel percorso di sostenibilit\u00e0 del Gruppo e contribuisce al raggiungimento dell\u2019<strong>Obiettivo 5 dell\u2019Agenda 2030 delle Nazioni Unite (SDG 5 \u2013 Gender Equality)<\/strong>, volto a garantire pari opportunit\u00e0 e piena partecipazione di tutte le persone alla vita economica e sociale.<\/p>\n<p>Con l\u2019avvio di questo progetto il Gruppo Borghi conferma la propria attenzione ai temi della sostenibilit\u00e0 e della responsabilit\u00e0 sociale, promuovendo una cultura aziendale fondata su rispetto, equit\u00e0 e crescita condivisa.<\/p>\n<p>&nbsp;<\/p>\n<p><strong>January 2026: T.ERRE srl awarded Legality Rating  \u2605\u2605++<\/strong><\/p>\n<p><img decoding=\"async\" class=\"wp-image-1903 aligncenter\" src=\"https:\/\/t-erre.it\/wp-content\/uploads\/2026\/01\/Image-27-gen-2026-16_37_21-300x200.png\" alt=\"\" width=\"534\" height=\"356\" srcset=\"https:\/\/t-erre.it\/wp-content\/uploads\/2026\/01\/Image-27-gen-2026-16_37_21-300x200.png 300w, https:\/\/t-erre.it\/wp-content\/uploads\/2026\/01\/Image-27-gen-2026-16_37_21-1024x683.png 1024w, https:\/\/t-erre.it\/wp-content\/uploads\/2026\/01\/Image-27-gen-2026-16_37_21-768x512.png 768w, https:\/\/t-erre.it\/wp-content\/uploads\/2026\/01\/Image-27-gen-2026-16_37_21-18x12.png 18w, https:\/\/t-erre.it\/wp-content\/uploads\/2026\/01\/Image-27-gen-2026-16_37_21.png 1536w\" sizes=\"(max-width: 534px) 100vw, 534px\" \/><\/p>\n<p>On 20 January 2026, the Italian Competition and Market Authority awarded T.ERRE S.r.l. a <strong>Legality Rating <\/strong><strong>\u2605\u2605<\/strong><strong>++<\/strong>placing the company just below the highest level awarded by the AGCM system.<\/p>\n<p>The Legality Rating assesses the degree of reliability of companies based on their compliance with regulations, transparency in their conduct and fairness in their business processes. The result obtained confirms a very high level of reliability and testifies to a well-established path of legality and corporate responsibility, based on solid compliance controls and a structured governance model.<\/p>\n<p>This recognition strengthens the trust of stakeholders, partners and institutions and enhances the daily work of the entire organisation, which contributes to making legality not only a regulatory requirement, but a real strategic factor for competitiveness and long-term value creation.<\/p>\n<p>T.ERRE S.r.l. continues its commitment to the continuous improvement of governance quality, with the aim of consolidating increasingly high standards consistent with the principles of transparency, fairness and responsibility that guide the company's actions.<\/p>\n<p><strong>Natale 2025: Si rinnova la nostra partnership con Treedom insieme a WWF <\/strong><\/p>\n<p>Siamo orgogliosi di annunciare che anche quest&#8217;anno T.ERRE rinnova la sua collaborazione con Treedom, questa volta per un progetto speciale realizzato insieme a WWF Italia: &#8220;L&#8217;altra met\u00e0 del futuro&#8221;.<\/p>\n<p>Ispirato alle parole del biologo Edward O. Wilson, questo progetto ci ricorda che il futuro del pianeta non pu\u00f2 essere costruito pensando solo all&#8217;uomo, ma deve essere condiviso con tutti gli esseri viventi. Gli alberi che piantiamo non sono solo una risorsa per noi: sono casa, nutrimento e vita per migliaia di specie.<\/p>\n<p>La nostra foresta \u00e8 costituita da 600 alberi piantati per un totale di 162 tonnellate di CO2 assorbita dall\u2019atmosfera: numeri che testimoniano il nostro impegno concreto per un futuro pi\u00f9 equo e sostenibile, dove tutte le voci della natura possano tornare a farsi sentire. Perch\u00e9 prendersi cura del pianeta significa prendersi cura di tutti gli esseri che lo abitano.<\/p>\n<p><img decoding=\"async\" class=\"wp-image-1885 aligncenter\" src=\"https:\/\/t-erre.it\/wp-content\/uploads\/2025\/11\/GruppoBorghi_Certificato2025-300x213.jpg\" alt=\"\" width=\"550\" height=\"390\" srcset=\"https:\/\/t-erre.it\/wp-content\/uploads\/2025\/11\/GruppoBorghi_Certificato2025-300x213.jpg 300w, https:\/\/t-erre.it\/wp-content\/uploads\/2025\/11\/GruppoBorghi_Certificato2025-1024x726.jpg 1024w, https:\/\/t-erre.it\/wp-content\/uploads\/2025\/11\/GruppoBorghi_Certificato2025-768x544.jpg 768w, https:\/\/t-erre.it\/wp-content\/uploads\/2025\/11\/GruppoBorghi_Certificato2025-1536x1088.jpg 1536w, https:\/\/t-erre.it\/wp-content\/uploads\/2025\/11\/GruppoBorghi_Certificato2025-18x12.jpg 18w, https:\/\/t-erre.it\/wp-content\/uploads\/2025\/11\/GruppoBorghi_Certificato2025.jpg 1750w\" sizes=\"(max-width: 550px) 100vw, 550px\" \/><\/p>\n<p><strong>T.ERRE srl \u2013 Gruppo Borghi &#8211; tra le aziende finaliste del Sustainability Award 2025!<\/strong><\/p>\n<p>Siamo orgogliosi di annunciare che T.ERRE srl \u00e8 stata selezionata tra le Top 75 imprese italiane nella categoria Integrated Finance nell\u2019ambito della quinta edizione del Sustainability Award, promosso da Kon Group ed ELITE (Borsa Italiana).<br \/>\n\ud83d\udccd La cerimonia di premiazione si \u00e8 tenuta lo scorso 14 ottobre nella prestigiosa cornice di Palazzo Mezzanotte, sede della Borsa Italiana a Milano.<br \/>\nA rappresentare l\u2019azienda durante la serata sono stati la CFO del Gruppo Borghi, \u00a0@Alessia Marinucci, e il Direttore Generale @Mario Zanardi confermando il forte impegno del nostro management verso un modello di business responsabile, trasparente e orientato alla sostenibilit\u00e0.<br \/>\nEssere riconosciuti tra le migliori aziende italiane per la finanza integrata ESG \u00e8 per noi motivo di grande orgoglio, oltre che uno stimolo a continuare il nostro percorso di innovazione e crescita sostenibile.<br \/>\nUn grazie speciale a tutto il team di T.ERRE e alla ESG Manager @Francesca De Santis che ogni giorno contribuiscono con passione e competenza al raggiungimento di questo obiettivo.<\/p>\n<p><a href=\"https:\/\/sustainabilityaward.it\/sustainability-award-2025-premiazione\/\">Comunicato Stampa<\/a><\/p>\n<p><img loading=\"lazy\" decoding=\"async\" class=\"alignnone wp-image-1874\" src=\"https:\/\/t-erre.it\/wp-content\/uploads\/2025\/10\/Sustainability-Awards-2025-110-300x200.jpg\" alt=\"\" width=\"395\" height=\"263\" srcset=\"https:\/\/t-erre.it\/wp-content\/uploads\/2025\/10\/Sustainability-Awards-2025-110-300x200.jpg 300w, https:\/\/t-erre.it\/wp-content\/uploads\/2025\/10\/Sustainability-Awards-2025-110-1024x683.jpg 1024w, https:\/\/t-erre.it\/wp-content\/uploads\/2025\/10\/Sustainability-Awards-2025-110-768x512.jpg 768w, https:\/\/t-erre.it\/wp-content\/uploads\/2025\/10\/Sustainability-Awards-2025-110-1536x1024.jpg 1536w, https:\/\/t-erre.it\/wp-content\/uploads\/2025\/10\/Sustainability-Awards-2025-110-18x12.jpg 18w, https:\/\/t-erre.it\/wp-content\/uploads\/2025\/10\/Sustainability-Awards-2025-110.jpg 1599w\" sizes=\"(max-width: 395px) 100vw, 395px\" \/> <img loading=\"lazy\" decoding=\"async\" class=\"alignnone wp-image-1875\" src=\"https:\/\/t-erre.it\/wp-content\/uploads\/2025\/10\/Sustainability-Awards-2025-109-300x200.jpg\" alt=\"\" width=\"398\" height=\"265\" srcset=\"https:\/\/t-erre.it\/wp-content\/uploads\/2025\/10\/Sustainability-Awards-2025-109-300x200.jpg 300w, https:\/\/t-erre.it\/wp-content\/uploads\/2025\/10\/Sustainability-Awards-2025-109-1024x682.jpg 1024w, https:\/\/t-erre.it\/wp-content\/uploads\/2025\/10\/Sustainability-Awards-2025-109-768x512.jpg 768w, https:\/\/t-erre.it\/wp-content\/uploads\/2025\/10\/Sustainability-Awards-2025-109-1536x1023.jpg 1536w, https:\/\/t-erre.it\/wp-content\/uploads\/2025\/10\/Sustainability-Awards-2025-109-18x12.jpg 18w, https:\/\/t-erre.it\/wp-content\/uploads\/2025\/10\/Sustainability-Awards-2025-109.jpg 1600w\" sizes=\"(max-width: 398px) 100vw, 398px\" \/><\/p>\n<p><img loading=\"lazy\" decoding=\"async\" class=\"alignnone size-medium wp-image-1876\" src=\"https:\/\/t-erre.it\/wp-content\/uploads\/2025\/10\/Sustainability-Awards-2025-111-225x300.jpg\" alt=\"\" width=\"225\" height=\"300\" srcset=\"https:\/\/t-erre.it\/wp-content\/uploads\/2025\/10\/Sustainability-Awards-2025-111-225x300.jpg 225w, https:\/\/t-erre.it\/wp-content\/uploads\/2025\/10\/Sustainability-Awards-2025-111-768x1024.jpg 768w, https:\/\/t-erre.it\/wp-content\/uploads\/2025\/10\/Sustainability-Awards-2025-111-1152x1536.jpg 1152w, https:\/\/t-erre.it\/wp-content\/uploads\/2025\/10\/Sustainability-Awards-2025-111-9x12.jpg 9w, https:\/\/t-erre.it\/wp-content\/uploads\/2025\/10\/Sustainability-Awards-2025-111.jpg 1200w\" sizes=\"(max-width: 225px) 100vw, 225px\" \/> <img loading=\"lazy\" decoding=\"async\" class=\"alignnone size-medium wp-image-1877\" src=\"https:\/\/t-erre.it\/wp-content\/uploads\/2025\/10\/Sustainability-Awards-2025-112-225x300.jpg\" alt=\"\" width=\"225\" height=\"300\" srcset=\"https:\/\/t-erre.it\/wp-content\/uploads\/2025\/10\/Sustainability-Awards-2025-112-225x300.jpg 225w, https:\/\/t-erre.it\/wp-content\/uploads\/2025\/10\/Sustainability-Awards-2025-112-768x1024.jpg 768w, https:\/\/t-erre.it\/wp-content\/uploads\/2025\/10\/Sustainability-Awards-2025-112-1152x1536.jpg 1152w, https:\/\/t-erre.it\/wp-content\/uploads\/2025\/10\/Sustainability-Awards-2025-112-9x12.jpg 9w, https:\/\/t-erre.it\/wp-content\/uploads\/2025\/10\/Sustainability-Awards-2025-112.jpg 1200w\" sizes=\"(max-width: 225px) 100vw, 225px\" \/><\/p>\n<p><strong>Maggio 2025:<\/strong> Consegnato il nuovo veicolo attrezzato per il trasporto sociale<\/p>\n<p>Venerd\u00ec 16 maggio \u00e8 stato consegnato ad Auser Modena un nuovo veicolo attrezzato per il trasporto sociale, dotato di pedana elettrica e di cinque posti dedicati alle carrozzine.<br \/>\nQuesto nuovo pulmino, pensato per il trasporto di persone con disabilit\u00e0, \u00e8 il risultato della generosit\u00e0 e dell\u2019impegno delle imprese del territorio, che hanno creduto nel valore dell\u2019inclusione.<br \/>\nSiamo orgogliosi di aver contribuito a questo importante progetto, che rappresenta un passo concreto verso una mobilit\u00e0 pi\u00f9 accessibile e solidale.<br \/>\nUn sentito ringraziamento a Progetti del Cuore Srl Societ\u00e0 Benefit per averci coinvolto in un&#8217;iniziativa dal grande valore umano e sociale. Insieme, continuiamo a promuovere la cultura della solidariet\u00e0 e il sostegno alla comunit\u00e0.<br \/>\n<img decoding=\"async\" class=\"aligncenter\" src=\"https:\/\/t-erre.it\/wp-content\/uploads\/2025\/08\/le_nostre_iniziative_sostenibili_mag_2025.png\" alt=\"\" \/><\/p>\n<p>&nbsp;<\/p>\n<p><strong>Natale 2024:<\/strong> Nasce la Foresta del Gruppo Borghi<\/p>\n<p>In occasione del Natale 2024, il Gruppo Borghi ha trasformato il proprio impegno per la sostenibilit\u00e0 in un&#8217;azione concreta, avviando una collaborazione con Treedom e AIRC per creare la sua prima foresta aziendale. Il progetto ha previsto la piantumazione di 400 alberi tra Madagascar ed Ecuador, contribuendo alla tutela dell&#8217;ambiente e al sostegno delle comunit\u00e0 locali.<\/p>\n<p>Questa scelta ha un doppio significato: per il nostro pianeta e per la ricerca oncologica. Il 50% del valore di ogni albero \u00e8 stato infatti destinato da Treedom, a fine 2024, al co-finanziamento di un progetto di ricerca: My First AIRC Grant, dedicato a giovani ricercatori under 40 impegnati quotidianamente nella lotta contro il cancro.<\/p>\n<p>L&#8217;iniziativa si allinea con sei dei 17 Obiettivi di Sviluppo Sostenibile dell&#8217;Agenda ONU 2030, tra cui:<br \/>\n\ud83c\udf31 Obiettivo 3 \u2013 Salute e benessere<br \/>\n\ud83c\udf31 Obiettivo 8 \u2013 Lavoro dignitoso e crescita economica<br \/>\n\ud83c\udf31 Obiettivo 13 \u2013 Lotta contro il cambiamento climatico<br \/>\n\ud83c\udf31 Obiettivo 15 \u2013 Vita sulla terra<\/p>\n<p>Gli alberi della Foresta del Gruppo Borghi assorbiranno complessivamente 151 tonnellate di CO\u2082, contribuendo alla riduzione dell&#8217;impronta di carbonio. Oltre al beneficio ambientale, il progetto favorisce il miglioramento della qualit\u00e0 dell\u2019aria e dell\u2019acqua, la tutela della biodiversit\u00e0 e la crescita economica delle comunit\u00e0 locali attraverso lo sviluppo di sistemi agro-forestali sostenibili.<\/p>\n<p>Un piccolo gesto, un grande impatto per il pianeta e per le persone. \ud83c\udf0d\ud83c\udf33\u2728<\/p>\n<p><iframe title=\"Nasce la Foresta del Gruppo Borghi - Treedom AIRC\" width=\"800\" height=\"450\" src=\"https:\/\/www.youtube.com\/embed\/q4i923GZlc8?feature=oembed\" frameborder=\"0\" allow=\"accelerometer; autoplay; clipboard-write; encrypted-media; gyroscope; picture-in-picture; web-share\" referrerpolicy=\"strict-origin-when-cross-origin\" allowfullscreen><\/iframe><\/p>","protected":false},"excerpt":{"rendered":"<p>Febbraio 2026: Parit\u00e0 di genere: il Gruppo Borghi avvia il percorso di certificazione UNI\/PdR 125 Il Gruppo Borghi ha avviato il percorso per l\u2019ottenimento della certificazione per la Parit\u00e0 di Genere secondo la UNI\/PdR 125:2022, la prassi di riferimento che definisce linee guida e indicatori per promuovere modelli organizzativi pi\u00f9 equi, inclusivi e orientati alla [&hellip;]<\/p>","protected":false},"author":3,"featured_media":0,"parent":365,"menu_order":0,"comment_status":"closed","ping_status":"closed","template":"","meta":{"_acf_changed":false,"footnotes":""},"class_list":["post-684","page","type-page","status-publish","hentry"],"acf":[],"yoast_head":"<!-- This site is optimized with the Yoast SEO plugin v25.1 - https:\/\/yoast.com\/wordpress\/plugins\/seo\/ -->\n<title>Le nostre iniziative sostenibili - T.ERRE<\/title>\n<meta name=\"robots\" content=\"index, follow, max-snippet:-1, max-image-preview:large, max-video-preview:-1\" \/>\n<link rel=\"canonical\" href=\"https:\/\/t-erre.it\/en\/azienda\/sostenibilita\/le-nostre-iniziative-sostenibili\/\" \/>\n<meta property=\"og:locale\" content=\"en_GB\" \/>\n<meta property=\"og:type\" content=\"article\" \/>\n<meta property=\"og:title\" content=\"Le nostre iniziative sostenibili - T.ERRE\" \/>\n<meta property=\"og:description\" content=\"Febbraio 2026: Parit\u00e0 di genere: il Gruppo Borghi avvia il percorso di certificazione UNI\/PdR 125 Il Gruppo Borghi ha avviato il percorso per l\u2019ottenimento della certificazione per la Parit\u00e0 di Genere secondo la UNI\/PdR 125:2022, la prassi di riferimento che definisce linee guida e indicatori per promuovere modelli organizzativi pi\u00f9 equi, inclusivi e orientati alla [&hellip;]\" \/>\n<meta property=\"og:url\" content=\"https:\/\/t-erre.it\/en\/azienda\/sostenibilita\/le-nostre-iniziative-sostenibili\/\" \/>\n<meta property=\"og:site_name\" content=\"T.ERRE\" \/>\n<meta property=\"article:modified_time\" content=\"2026-03-16T07:38:17+00:00\" \/>\n<meta property=\"og:image\" content=\"https:\/\/t-erre.it\/wp-content\/uploads\/2026\/03\/immagine-siti-web.png\" \/>\n\t<meta property=\"og:image:width\" content=\"1536\" \/>\n\t<meta property=\"og:image:height\" content=\"1024\" \/>\n\t<meta property=\"og:image:type\" content=\"image\/png\" \/>\n<meta name=\"twitter:card\" content=\"summary_large_image\" \/>\n<meta name=\"twitter:label1\" content=\"Estimated reading time\" \/>\n\t<meta name=\"twitter:data1\" content=\"8 minutes\" \/>\n<script type=\"application\/ld+json\" class=\"yoast-schema-graph\">{\"@context\":\"https:\/\/schema.org\",\"@graph\":[{\"@type\":\"WebPage\",\"@id\":\"https:\/\/t-erre.it\/azienda\/sostenibilita\/le-nostre-iniziative-sostenibili\/\",\"url\":\"https:\/\/t-erre.it\/azienda\/sostenibilita\/le-nostre-iniziative-sostenibili\/\",\"name\":\"Le nostre iniziative sostenibili - T.ERRE\",\"isPartOf\":{\"@id\":\"https:\/\/t-erre.it\/#website\"},\"primaryImageOfPage\":{\"@id\":\"https:\/\/t-erre.it\/azienda\/sostenibilita\/le-nostre-iniziative-sostenibili\/#primaryimage\"},\"image\":{\"@id\":\"https:\/\/t-erre.it\/azienda\/sostenibilita\/le-nostre-iniziative-sostenibili\/#primaryimage\"},\"thumbnailUrl\":\"https:\/\/t-erre.it\/wp-content\/uploads\/2026\/03\/immagine-siti-web-300x200.png\",\"datePublished\":\"2022-02-15T15:23:01+00:00\",\"dateModified\":\"2026-03-16T07:38:17+00:00\",\"breadcrumb\":{\"@id\":\"https:\/\/t-erre.it\/azienda\/sostenibilita\/le-nostre-iniziative-sostenibili\/#breadcrumb\"},\"inLanguage\":\"en-GB\",\"potentialAction\":[{\"@type\":\"ReadAction\",\"target\":[\"https:\/\/t-erre.it\/azienda\/sostenibilita\/le-nostre-iniziative-sostenibili\/\"]}]},{\"@type\":\"ImageObject\",\"inLanguage\":\"en-GB\",\"@id\":\"https:\/\/t-erre.it\/azienda\/sostenibilita\/le-nostre-iniziative-sostenibili\/#primaryimage\",\"url\":\"https:\/\/t-erre.it\/wp-content\/uploads\/2026\/03\/immagine-siti-web-300x200.png\",\"contentUrl\":\"https:\/\/t-erre.it\/wp-content\/uploads\/2026\/03\/immagine-siti-web-300x200.png\"},{\"@type\":\"BreadcrumbList\",\"@id\":\"https:\/\/t-erre.it\/azienda\/sostenibilita\/le-nostre-iniziative-sostenibili\/#breadcrumb\",\"itemListElement\":[{\"@type\":\"ListItem\",\"position\":1,\"name\":\"Home\",\"item\":\"https:\/\/t-erre.it\/\"},{\"@type\":\"ListItem\",\"position\":2,\"name\":\"Azienda\",\"item\":\"https:\/\/t-erre.it\/azienda\/\"},{\"@type\":\"ListItem\",\"position\":3,\"name\":\"Rispetto delle risorse naturali\",\"item\":\"https:\/\/t-erre.it\/azienda\/sostenibilita\/\"},{\"@type\":\"ListItem\",\"position\":4,\"name\":\"Le nostre iniziative sostenibili\"}]},{\"@type\":\"WebSite\",\"@id\":\"https:\/\/t-erre.it\/#website\",\"url\":\"https:\/\/t-erre.it\/\",\"name\":\"T.ERRE\",\"description\":\"Tubazioni rigide e flessibili\",\"publisher\":{\"@id\":\"https:\/\/t-erre.it\/#organization\"},\"potentialAction\":[{\"@type\":\"SearchAction\",\"target\":{\"@type\":\"EntryPoint\",\"urlTemplate\":\"https:\/\/t-erre.it\/?s={search_term_string}\"},\"query-input\":{\"@type\":\"PropertyValueSpecification\",\"valueRequired\":true,\"valueName\":\"search_term_string\"}}],\"inLanguage\":\"en-GB\"},{\"@type\":\"Organization\",\"@id\":\"https:\/\/t-erre.it\/#organization\",\"name\":\"T.ERRE\",\"url\":\"https:\/\/t-erre.it\/\",\"logo\":{\"@type\":\"ImageObject\",\"inLanguage\":\"en-GB\",\"@id\":\"https:\/\/t-erre.it\/#\/schema\/logo\/image\/\",\"url\":\"https:\/\/t-erre.it\/wp-content\/uploads\/2021\/12\/logo50.png\",\"contentUrl\":\"https:\/\/t-erre.it\/wp-content\/uploads\/2021\/12\/logo50.png\",\"width\":1552,\"height\":800,\"caption\":\"T.ERRE\"},\"image\":{\"@id\":\"https:\/\/t-erre.it\/#\/schema\/logo\/image\/\"}}]}<\/script>\n<!-- \/ Yoast SEO plugin. -->","yoast_head_json":{"title":"Le nostre iniziative sostenibili - T.ERRE","robots":{"index":"index","follow":"follow","max-snippet":"max-snippet:-1","max-image-preview":"max-image-preview:large","max-video-preview":"max-video-preview:-1"},"canonical":"https:\/\/t-erre.it\/en\/azienda\/sostenibilita\/le-nostre-iniziative-sostenibili\/","og_locale":"en_GB","og_type":"article","og_title":"Le nostre iniziative sostenibili - T.ERRE","og_description":"Febbraio 2026: Parit\u00e0 di genere: il Gruppo Borghi avvia il percorso di certificazione UNI\/PdR 125 Il Gruppo Borghi ha avviato il percorso per l\u2019ottenimento della certificazione per la Parit\u00e0 di Genere secondo la UNI\/PdR 125:2022, la prassi di riferimento che definisce linee guida e indicatori per promuovere modelli organizzativi pi\u00f9 equi, inclusivi e orientati alla [&hellip;]","og_url":"https:\/\/t-erre.it\/en\/azienda\/sostenibilita\/le-nostre-iniziative-sostenibili\/","og_site_name":"T.ERRE","article_modified_time":"2026-03-16T07:38:17+00:00","og_image":[{"width":1536,"height":1024,"url":"https:\/\/t-erre.it\/wp-content\/uploads\/2026\/03\/immagine-siti-web.png","type":"image\/png"}],"twitter_card":"summary_large_image","twitter_misc":{"Estimated reading time":"8 minutes"},"schema":{"@context":"https:\/\/schema.org","@graph":[{"@type":"WebPage","@id":"https:\/\/t-erre.it\/azienda\/sostenibilita\/le-nostre-iniziative-sostenibili\/","url":"https:\/\/t-erre.it\/azienda\/sostenibilita\/le-nostre-iniziative-sostenibili\/","name":"Le nostre iniziative sostenibili - T.ERRE","isPartOf":{"@id":"https:\/\/t-erre.it\/#website"},"primaryImageOfPage":{"@id":"https:\/\/t-erre.it\/azienda\/sostenibilita\/le-nostre-iniziative-sostenibili\/#primaryimage"},"image":{"@id":"https:\/\/t-erre.it\/azienda\/sostenibilita\/le-nostre-iniziative-sostenibili\/#primaryimage"},"thumbnailUrl":"https:\/\/t-erre.it\/wp-content\/uploads\/2026\/03\/immagine-siti-web-300x200.png","datePublished":"2022-02-15T15:23:01+00:00","dateModified":"2026-03-16T07:38:17+00:00","breadcrumb":{"@id":"https:\/\/t-erre.it\/azienda\/sostenibilita\/le-nostre-iniziative-sostenibili\/#breadcrumb"},"inLanguage":"en-GB","potentialAction":[{"@type":"ReadAction","target":["https:\/\/t-erre.it\/azienda\/sostenibilita\/le-nostre-iniziative-sostenibili\/"]}]},{"@type":"ImageObject","inLanguage":"en-GB","@id":"https:\/\/t-erre.it\/azienda\/sostenibilita\/le-nostre-iniziative-sostenibili\/#primaryimage","url":"https:\/\/t-erre.it\/wp-content\/uploads\/2026\/03\/immagine-siti-web-300x200.png","contentUrl":"https:\/\/t-erre.it\/wp-content\/uploads\/2026\/03\/immagine-siti-web-300x200.png"},{"@type":"BreadcrumbList","@id":"https:\/\/t-erre.it\/azienda\/sostenibilita\/le-nostre-iniziative-sostenibili\/#breadcrumb","itemListElement":[{"@type":"ListItem","position":1,"name":"Home","item":"https:\/\/t-erre.it\/"},{"@type":"ListItem","position":2,"name":"Azienda","item":"https:\/\/t-erre.it\/azienda\/"},{"@type":"ListItem","position":3,"name":"Rispetto delle risorse naturali","item":"https:\/\/t-erre.it\/azienda\/sostenibilita\/"},{"@type":"ListItem","position":4,"name":"Le nostre iniziative sostenibili"}]},{"@type":"WebSite","@id":"https:\/\/t-erre.it\/#website","url":"https:\/\/t-erre.it\/","name":"T.ERRE","description":"Tubazioni rigide e flessibili","publisher":{"@id":"https:\/\/t-erre.it\/#organization"},"potentialAction":[{"@type":"SearchAction","target":{"@type":"EntryPoint","urlTemplate":"https:\/\/t-erre.it\/?s={search_term_string}"},"query-input":{"@type":"PropertyValueSpecification","valueRequired":true,"valueName":"search_term_string"}}],"inLanguage":"en-GB"},{"@type":"Organization","@id":"https:\/\/t-erre.it\/#organization","name":"T.ERRE","url":"https:\/\/t-erre.it\/","logo":{"@type":"ImageObject","inLanguage":"en-GB","@id":"https:\/\/t-erre.it\/#\/schema\/logo\/image\/","url":"https:\/\/t-erre.it\/wp-content\/uploads\/2021\/12\/logo50.png","contentUrl":"https:\/\/t-erre.it\/wp-content\/uploads\/2021\/12\/logo50.png","width":1552,"height":800,"caption":"T.ERRE"},"image":{"@id":"https:\/\/t-erre.it\/#\/schema\/logo\/image\/"}}]}},"_links":{"self":[{"href":"https:\/\/t-erre.it\/en\/wp-json\/wp\/v2\/pages\/684","targetHints":{"allow":["GET"]}}],"collection":[{"href":"https:\/\/t-erre.it\/en\/wp-json\/wp\/v2\/pages"}],"about":[{"href":"https:\/\/t-erre.it\/en\/wp-json\/wp\/v2\/types\/page"}],"author":[{"embeddable":true,"href":"https:\/\/t-erre.it\/en\/wp-json\/wp\/v2\/users\/3"}],"replies":[{"embeddable":true,"href":"https:\/\/t-erre.it\/en\/wp-json\/wp\/v2\/comments?post=684"}],"version-history":[{"count":27,"href":"https:\/\/t-erre.it\/en\/wp-json\/wp\/v2\/pages\/684\/revisions"}],"predecessor-version":[{"id":1911,"href":"https:\/\/t-erre.it\/en\/wp-json\/wp\/v2\/pages\/684\/revisions\/1911"}],"up":[{"embeddable":true,"href":"https:\/\/t-erre.it\/en\/wp-json\/wp\/v2\/pages\/365"}],"wp:attachment":[{"href":"https:\/\/t-erre.it\/en\/wp-json\/wp\/v2\/media?parent=684"}],"curies":[{"name":"wp","href":"https:\/\/api.w.org\/{rel}","templated":true}]}}