{"id":523,"date":"2022-02-15T11:21:21","date_gmt":"2022-02-15T10:21:21","guid":{"rendered":"http:\/\/borghi-impiantiwp.dev.elogic.it\/?page_id=523"},"modified":"2024-07-08T15:40:43","modified_gmt":"2024-07-08T13:40:43","slug":"lavorazioni","status":"publish","type":"page","link":"https:\/\/t-erre.it\/en\/azienda\/lavorazioni\/","title":{"rendered":"Processing"},"content":{"rendered":"<div data-elementor-type=\"wp-page\" data-elementor-id=\"523\" class=\"elementor elementor-523\" data-elementor-post-type=\"page\">\n\t\t\t\t\t\t<section class=\"elementor-section elementor-top-section elementor-element elementor-element-1f59fc33 elementor-section-boxed elementor-section-height-default elementor-section-height-default\" data-id=\"1f59fc33\" data-element_type=\"section\">\n\t\t\t\t\t\t<div class=\"elementor-container elementor-column-gap-default\">\n\t\t\t\t\t<div class=\"elementor-column elementor-col-100 elementor-top-column elementor-element elementor-element-3d5d81ad\" data-id=\"3d5d81ad\" data-element_type=\"column\">\n\t\t\t<div class=\"elementor-widget-wrap elementor-element-populated\">\n\t\t\t\t\t\t<div class=\"elementor-element elementor-element-4e6351a1 elementor-widget elementor-widget-text-editor\" data-id=\"4e6351a1\" data-element_type=\"widget\" data-widget_type=\"text-editor.default\">\n\t\t\t\t<div class=\"elementor-widget-container\">\n\t\t\t\t\t\t\t\t\t<p>The production cycle observes criteria set with the aim of obtaining a finished product of the highest quality to meet customer requirements.<br \/>Every single process is taken care of down to the smallest detail and is constantly monitored by the quality managers. We use loading robots, automation and IT tools with the aim of optimising the entire production process.<\/p><p>Discover the machining that T.ERRE can perform.<\/p>\t\t\t\t\t\t\t\t<\/div>\n\t\t\t\t<\/div>\n\t\t\t\t\t<\/div>\n\t\t<\/div>\n\t\t\t\t\t<\/div>\n\t\t<\/section>\n\t\t\t\t<\/div>","protected":false},"excerpt":{"rendered":"<p>Il ciclo di produzione osserva criteri impostati con lo scopo di ottenere un prodotto finito con la massima qualit\u00e0 in grado di soddisfare le esigenze del cliente. Ogni singolo processo \u00e8 curato nei minimi dettagli costantemente tenuto sotto controllo dagli addetti qualit\u00e0. Utilizziamo robot di caricamento, automazioni e strumenti informatici con l\u2019obbiettivo di ottimizzare al [&hellip;]<\/p>","protected":false},"author":1,"featured_media":0,"parent":525,"menu_order":0,"comment_status":"closed","ping_status":"closed","template":"","meta":{"_acf_changed":false,"footnotes":""},"class_list":["post-523","page","type-page","status-publish","hentry"],"acf":[],"yoast_head":"<!-- This site is optimized with the Yoast SEO plugin v25.1 - https:\/\/yoast.com\/wordpress\/plugins\/seo\/ -->\n<title>Lavorazioni - T.ERRE<\/title>\n<meta name=\"robots\" content=\"index, follow, max-snippet:-1, max-image-preview:large, max-video-preview:-1\" \/>\n<link rel=\"canonical\" href=\"https:\/\/t-erre.it\/en\/azienda\/lavorazioni\/\" \/>\n<meta property=\"og:locale\" content=\"en_GB\" \/>\n<meta property=\"og:type\" content=\"article\" \/>\n<meta property=\"og:title\" content=\"Lavorazioni - T.ERRE\" \/>\n<meta property=\"og:description\" content=\"Il ciclo di produzione osserva criteri impostati con lo scopo di ottenere un prodotto finito con la massima qualit\u00e0 in grado di soddisfare le esigenze del cliente. Ogni singolo processo \u00e8 curato nei minimi dettagli costantemente tenuto sotto controllo dagli addetti qualit\u00e0. Utilizziamo robot di caricamento, automazioni e strumenti informatici con l\u2019obbiettivo di ottimizzare al [&hellip;]\" \/>\n<meta property=\"og:url\" content=\"https:\/\/t-erre.it\/en\/azienda\/lavorazioni\/\" \/>\n<meta property=\"og:site_name\" content=\"T.ERRE\" \/>\n<meta property=\"article:modified_time\" content=\"2024-07-08T13:40:43+00:00\" \/>\n<meta name=\"twitter:card\" content=\"summary_large_image\" \/>\n<meta name=\"twitter:label1\" content=\"Estimated reading time\" \/>\n\t<meta name=\"twitter:data1\" content=\"1 minute\" \/>\n<script type=\"application\/ld+json\" class=\"yoast-schema-graph\">{\"@context\":\"https:\/\/schema.org\",\"@graph\":[{\"@type\":\"WebPage\",\"@id\":\"https:\/\/t-erre.it\/azienda\/lavorazioni\/\",\"url\":\"https:\/\/t-erre.it\/azienda\/lavorazioni\/\",\"name\":\"Lavorazioni - T.ERRE\",\"isPartOf\":{\"@id\":\"https:\/\/t-erre.it\/#website\"},\"datePublished\":\"2022-02-15T10:21:21+00:00\",\"dateModified\":\"2024-07-08T13:40:43+00:00\",\"breadcrumb\":{\"@id\":\"https:\/\/t-erre.it\/azienda\/lavorazioni\/#breadcrumb\"},\"inLanguage\":\"en-GB\",\"potentialAction\":[{\"@type\":\"ReadAction\",\"target\":[\"https:\/\/t-erre.it\/azienda\/lavorazioni\/\"]}]},{\"@type\":\"BreadcrumbList\",\"@id\":\"https:\/\/t-erre.it\/azienda\/lavorazioni\/#breadcrumb\",\"itemListElement\":[{\"@type\":\"ListItem\",\"position\":1,\"name\":\"Home\",\"item\":\"https:\/\/t-erre.it\/\"},{\"@type\":\"ListItem\",\"position\":2,\"name\":\"Azienda\",\"item\":\"https:\/\/t-erre.it\/azienda\/\"},{\"@type\":\"ListItem\",\"position\":3,\"name\":\"Lavorazioni\"}]},{\"@type\":\"WebSite\",\"@id\":\"https:\/\/t-erre.it\/#website\",\"url\":\"https:\/\/t-erre.it\/\",\"name\":\"T.ERRE\",\"description\":\"Tubazioni rigide e flessibili\",\"publisher\":{\"@id\":\"https:\/\/t-erre.it\/#organization\"},\"potentialAction\":[{\"@type\":\"SearchAction\",\"target\":{\"@type\":\"EntryPoint\",\"urlTemplate\":\"https:\/\/t-erre.it\/?s={search_term_string}\"},\"query-input\":{\"@type\":\"PropertyValueSpecification\",\"valueRequired\":true,\"valueName\":\"search_term_string\"}}],\"inLanguage\":\"en-GB\"},{\"@type\":\"Organization\",\"@id\":\"https:\/\/t-erre.it\/#organization\",\"name\":\"T.ERRE\",\"url\":\"https:\/\/t-erre.it\/\",\"logo\":{\"@type\":\"ImageObject\",\"inLanguage\":\"en-GB\",\"@id\":\"https:\/\/t-erre.it\/#\/schema\/logo\/image\/\",\"url\":\"https:\/\/t-erre.it\/wp-content\/uploads\/2021\/12\/logo50.png\",\"contentUrl\":\"https:\/\/t-erre.it\/wp-content\/uploads\/2021\/12\/logo50.png\",\"width\":1552,\"height\":800,\"caption\":\"T.ERRE\"},\"image\":{\"@id\":\"https:\/\/t-erre.it\/#\/schema\/logo\/image\/\"}}]}<\/script>\n<!-- \/ Yoast SEO plugin. -->","yoast_head_json":{"title":"Lavorazioni - T.ERRE","robots":{"index":"index","follow":"follow","max-snippet":"max-snippet:-1","max-image-preview":"max-image-preview:large","max-video-preview":"max-video-preview:-1"},"canonical":"https:\/\/t-erre.it\/en\/azienda\/lavorazioni\/","og_locale":"en_GB","og_type":"article","og_title":"Lavorazioni - T.ERRE","og_description":"Il ciclo di produzione osserva criteri impostati con lo scopo di ottenere un prodotto finito con la massima qualit\u00e0 in grado di soddisfare le esigenze del cliente. Ogni singolo processo \u00e8 curato nei minimi dettagli costantemente tenuto sotto controllo dagli addetti qualit\u00e0. Utilizziamo robot di caricamento, automazioni e strumenti informatici con l\u2019obbiettivo di ottimizzare al [&hellip;]","og_url":"https:\/\/t-erre.it\/en\/azienda\/lavorazioni\/","og_site_name":"T.ERRE","article_modified_time":"2024-07-08T13:40:43+00:00","twitter_card":"summary_large_image","twitter_misc":{"Estimated reading time":"1 minute"},"schema":{"@context":"https:\/\/schema.org","@graph":[{"@type":"WebPage","@id":"https:\/\/t-erre.it\/azienda\/lavorazioni\/","url":"https:\/\/t-erre.it\/azienda\/lavorazioni\/","name":"Lavorazioni - T.ERRE","isPartOf":{"@id":"https:\/\/t-erre.it\/#website"},"datePublished":"2022-02-15T10:21:21+00:00","dateModified":"2024-07-08T13:40:43+00:00","breadcrumb":{"@id":"https:\/\/t-erre.it\/azienda\/lavorazioni\/#breadcrumb"},"inLanguage":"en-GB","potentialAction":[{"@type":"ReadAction","target":["https:\/\/t-erre.it\/azienda\/lavorazioni\/"]}]},{"@type":"BreadcrumbList","@id":"https:\/\/t-erre.it\/azienda\/lavorazioni\/#breadcrumb","itemListElement":[{"@type":"ListItem","position":1,"name":"Home","item":"https:\/\/t-erre.it\/"},{"@type":"ListItem","position":2,"name":"Azienda","item":"https:\/\/t-erre.it\/azienda\/"},{"@type":"ListItem","position":3,"name":"Lavorazioni"}]},{"@type":"WebSite","@id":"https:\/\/t-erre.it\/#website","url":"https:\/\/t-erre.it\/","name":"T.ERRE","description":"Tubazioni rigide e flessibili","publisher":{"@id":"https:\/\/t-erre.it\/#organization"},"potentialAction":[{"@type":"SearchAction","target":{"@type":"EntryPoint","urlTemplate":"https:\/\/t-erre.it\/?s={search_term_string}"},"query-input":{"@type":"PropertyValueSpecification","valueRequired":true,"valueName":"search_term_string"}}],"inLanguage":"en-GB"},{"@type":"Organization","@id":"https:\/\/t-erre.it\/#organization","name":"T.ERRE","url":"https:\/\/t-erre.it\/","logo":{"@type":"ImageObject","inLanguage":"en-GB","@id":"https:\/\/t-erre.it\/#\/schema\/logo\/image\/","url":"https:\/\/t-erre.it\/wp-content\/uploads\/2021\/12\/logo50.png","contentUrl":"https:\/\/t-erre.it\/wp-content\/uploads\/2021\/12\/logo50.png","width":1552,"height":800,"caption":"T.ERRE"},"image":{"@id":"https:\/\/t-erre.it\/#\/schema\/logo\/image\/"}}]}},"_links":{"self":[{"href":"https:\/\/t-erre.it\/en\/wp-json\/wp\/v2\/pages\/523","targetHints":{"allow":["GET"]}}],"collection":[{"href":"https:\/\/t-erre.it\/en\/wp-json\/wp\/v2\/pages"}],"about":[{"href":"https:\/\/t-erre.it\/en\/wp-json\/wp\/v2\/types\/page"}],"author":[{"embeddable":true,"href":"https:\/\/t-erre.it\/en\/wp-json\/wp\/v2\/users\/1"}],"replies":[{"embeddable":true,"href":"https:\/\/t-erre.it\/en\/wp-json\/wp\/v2\/comments?post=523"}],"version-history":[{"count":16,"href":"https:\/\/t-erre.it\/en\/wp-json\/wp\/v2\/pages\/523\/revisions"}],"predecessor-version":[{"id":1580,"href":"https:\/\/t-erre.it\/en\/wp-json\/wp\/v2\/pages\/523\/revisions\/1580"}],"up":[{"embeddable":true,"href":"https:\/\/t-erre.it\/en\/wp-json\/wp\/v2\/pages\/525"}],"wp:attachment":[{"href":"https:\/\/t-erre.it\/en\/wp-json\/wp\/v2\/media?parent=523"}],"curies":[{"name":"wp","href":"https:\/\/api.w.org\/{rel}","templated":true}]}}