{"id":393,"date":"2022-02-14T10:22:25","date_gmt":"2022-02-14T09:22:25","guid":{"rendered":"http:\/\/borghi-impiantiwp.dev.elogic.it\/?page_id=393"},"modified":"2025-10-02T13:24:31","modified_gmt":"2025-10-02T11:24:31","slug":"reports","status":"publish","type":"page","link":"https:\/\/t-erre.it\/en\/azienda\/sostenibilita\/reports\/","title":{"rendered":"Reports"},"content":{"rendered":"<p>\" <strong>Sustainable development <\/strong>is development that meets the needs of the present <strong>without compromising the ability of future generations <\/strong>to meet their own needs\u201d (Brundtland Report, 1987)<\/p>\n<p>The T.ERRE Group actively works towards sustainability today and tomorrow.<\/p>\n<p><a href=\"https:\/\/t-erre.it\/wp-content\/uploads\/2025\/04\/Gruppo-Borghi_Report-di-sostenibilita-2023_Presentazione-di-sintesi_240918.pdf\" target=\"_blank\" rel=\"noopener\"><img decoding=\"async\" class=\"alignnone size-full wp-image-1839\" src=\"https:\/\/t-erre.it\/wp-content\/uploads\/2025\/04\/icons8-pdf-40.png\" alt=\"\" width=\"40\" height=\"40\" srcset=\"https:\/\/t-erre.it\/wp-content\/uploads\/2025\/04\/icons8-pdf-40.png 40w, https:\/\/t-erre.it\/wp-content\/uploads\/2025\/04\/icons8-pdf-40-12x12.png 12w\" sizes=\"(max-width: 40px) 100vw, 40px\" \/>Sustainability Report 2023<\/a><\/p>\n<p><a href=\"https:\/\/t-erre.it\/wp-content\/uploads\/2025\/10\/Sustainability-Report-2024-Borghi-Group_Summary.pdf\" target=\"_blank\" rel=\"noopener\"><img decoding=\"async\" class=\"alignnone size-full wp-image-1839\" src=\"https:\/\/t-erre.it\/wp-content\/uploads\/2025\/04\/icons8-pdf-40.png\" alt=\"\" width=\"40\" height=\"40\" srcset=\"https:\/\/t-erre.it\/wp-content\/uploads\/2025\/04\/icons8-pdf-40.png 40w, https:\/\/t-erre.it\/wp-content\/uploads\/2025\/04\/icons8-pdf-40-12x12.png 12w\" sizes=\"(max-width: 40px) 100vw, 40px\" \/>Sustainability Report 2024<\/a><\/p>","protected":false},"excerpt":{"rendered":"<p>&#8220;Lo sviluppo sostenibile \u00e8 quello sviluppo che consente alla generazione presente di soddisfare i propri bisogni senza compromettere la possibilit\u00e0 delle generazioni future di soddisfare i propri&#8221; (Rapporto Brundtland, 1987) Il Gruppo T.ERRE lavora attivamente per la sostenibilit\u00e0 di oggi e di domani. Report di sostenibilit\u00e0 2023 Report di sostenibilit\u00e0 2024<\/p>","protected":false},"author":1,"featured_media":0,"parent":365,"menu_order":0,"comment_status":"closed","ping_status":"closed","template":"","meta":{"_acf_changed":false,"footnotes":""},"class_list":["post-393","page","type-page","status-publish","hentry"],"acf":[],"yoast_head":"<!-- This site is optimized with the Yoast SEO plugin v25.1 - https:\/\/yoast.com\/wordpress\/plugins\/seo\/ -->\n<title>Reports - T.ERRE<\/title>\n<meta name=\"robots\" content=\"index, follow, max-snippet:-1, max-image-preview:large, max-video-preview:-1\" \/>\n<link rel=\"canonical\" href=\"https:\/\/t-erre.it\/en\/azienda\/sostenibilita\/reports\/\" \/>\n<meta property=\"og:locale\" content=\"en_GB\" \/>\n<meta property=\"og:type\" content=\"article\" \/>\n<meta property=\"og:title\" content=\"Reports - T.ERRE\" \/>\n<meta property=\"og:description\" content=\"&#8220;Lo sviluppo sostenibile \u00e8 quello sviluppo che consente alla generazione presente di soddisfare i propri bisogni senza compromettere la possibilit\u00e0 delle generazioni future di soddisfare i propri&#8221; (Rapporto Brundtland, 1987) Il Gruppo T.ERRE lavora attivamente per la sostenibilit\u00e0 di oggi e di domani. Report di sostenibilit\u00e0 2023 Report di sostenibilit\u00e0 2024\" \/>\n<meta property=\"og:url\" content=\"https:\/\/t-erre.it\/en\/azienda\/sostenibilita\/reports\/\" \/>\n<meta property=\"og:site_name\" content=\"T.ERRE\" \/>\n<meta property=\"article:modified_time\" content=\"2025-10-02T11:24:31+00:00\" \/>\n<meta property=\"og:image\" content=\"https:\/\/t-erre.it\/wp-content\/uploads\/2025\/04\/icons8-pdf-40.png\" \/>\n\t<meta property=\"og:image:width\" content=\"40\" \/>\n\t<meta property=\"og:image:height\" content=\"40\" \/>\n\t<meta property=\"og:image:type\" content=\"image\/png\" \/>\n<meta name=\"twitter:card\" content=\"summary_large_image\" \/>\n<meta name=\"twitter:label1\" content=\"Estimated reading time\" \/>\n\t<meta name=\"twitter:data1\" content=\"1 minute\" \/>\n<script type=\"application\/ld+json\" class=\"yoast-schema-graph\">{\"@context\":\"https:\/\/schema.org\",\"@graph\":[{\"@type\":\"WebPage\",\"@id\":\"https:\/\/t-erre.it\/azienda\/sostenibilita\/reports\/\",\"url\":\"https:\/\/t-erre.it\/azienda\/sostenibilita\/reports\/\",\"name\":\"Reports - T.ERRE\",\"isPartOf\":{\"@id\":\"https:\/\/t-erre.it\/#website\"},\"primaryImageOfPage\":{\"@id\":\"https:\/\/t-erre.it\/azienda\/sostenibilita\/reports\/#primaryimage\"},\"image\":{\"@id\":\"https:\/\/t-erre.it\/azienda\/sostenibilita\/reports\/#primaryimage\"},\"thumbnailUrl\":\"https:\/\/t-erre.it\/wp-content\/uploads\/2025\/04\/icons8-pdf-40.png\",\"datePublished\":\"2022-02-14T09:22:25+00:00\",\"dateModified\":\"2025-10-02T11:24:31+00:00\",\"breadcrumb\":{\"@id\":\"https:\/\/t-erre.it\/azienda\/sostenibilita\/reports\/#breadcrumb\"},\"inLanguage\":\"en-GB\",\"potentialAction\":[{\"@type\":\"ReadAction\",\"target\":[\"https:\/\/t-erre.it\/azienda\/sostenibilita\/reports\/\"]}]},{\"@type\":\"ImageObject\",\"inLanguage\":\"en-GB\",\"@id\":\"https:\/\/t-erre.it\/azienda\/sostenibilita\/reports\/#primaryimage\",\"url\":\"https:\/\/t-erre.it\/wp-content\/uploads\/2025\/04\/icons8-pdf-40.png\",\"contentUrl\":\"https:\/\/t-erre.it\/wp-content\/uploads\/2025\/04\/icons8-pdf-40.png\"},{\"@type\":\"BreadcrumbList\",\"@id\":\"https:\/\/t-erre.it\/azienda\/sostenibilita\/reports\/#breadcrumb\",\"itemListElement\":[{\"@type\":\"ListItem\",\"position\":1,\"name\":\"Home\",\"item\":\"https:\/\/t-erre.it\/\"},{\"@type\":\"ListItem\",\"position\":2,\"name\":\"Azienda\",\"item\":\"https:\/\/t-erre.it\/azienda\/\"},{\"@type\":\"ListItem\",\"position\":3,\"name\":\"Rispetto delle risorse naturali\",\"item\":\"https:\/\/t-erre.it\/azienda\/sostenibilita\/\"},{\"@type\":\"ListItem\",\"position\":4,\"name\":\"Reports\"}]},{\"@type\":\"WebSite\",\"@id\":\"https:\/\/t-erre.it\/#website\",\"url\":\"https:\/\/t-erre.it\/\",\"name\":\"T.ERRE\",\"description\":\"Tubazioni rigide e flessibili\",\"publisher\":{\"@id\":\"https:\/\/t-erre.it\/#organization\"},\"potentialAction\":[{\"@type\":\"SearchAction\",\"target\":{\"@type\":\"EntryPoint\",\"urlTemplate\":\"https:\/\/t-erre.it\/?s={search_term_string}\"},\"query-input\":{\"@type\":\"PropertyValueSpecification\",\"valueRequired\":true,\"valueName\":\"search_term_string\"}}],\"inLanguage\":\"en-GB\"},{\"@type\":\"Organization\",\"@id\":\"https:\/\/t-erre.it\/#organization\",\"name\":\"T.ERRE\",\"url\":\"https:\/\/t-erre.it\/\",\"logo\":{\"@type\":\"ImageObject\",\"inLanguage\":\"en-GB\",\"@id\":\"https:\/\/t-erre.it\/#\/schema\/logo\/image\/\",\"url\":\"https:\/\/t-erre.it\/wp-content\/uploads\/2021\/12\/logo50.png\",\"contentUrl\":\"https:\/\/t-erre.it\/wp-content\/uploads\/2021\/12\/logo50.png\",\"width\":1552,\"height\":800,\"caption\":\"T.ERRE\"},\"image\":{\"@id\":\"https:\/\/t-erre.it\/#\/schema\/logo\/image\/\"}}]}<\/script>\n<!-- \/ Yoast SEO plugin. -->","yoast_head_json":{"title":"Reports - T.ERRE","robots":{"index":"index","follow":"follow","max-snippet":"max-snippet:-1","max-image-preview":"max-image-preview:large","max-video-preview":"max-video-preview:-1"},"canonical":"https:\/\/t-erre.it\/en\/azienda\/sostenibilita\/reports\/","og_locale":"en_GB","og_type":"article","og_title":"Reports - T.ERRE","og_description":"&#8220;Lo sviluppo sostenibile \u00e8 quello sviluppo che consente alla generazione presente di soddisfare i propri bisogni senza compromettere la possibilit\u00e0 delle generazioni future di soddisfare i propri&#8221; (Rapporto Brundtland, 1987) Il Gruppo T.ERRE lavora attivamente per la sostenibilit\u00e0 di oggi e di domani. Report di sostenibilit\u00e0 2023 Report di sostenibilit\u00e0 2024","og_url":"https:\/\/t-erre.it\/en\/azienda\/sostenibilita\/reports\/","og_site_name":"T.ERRE","article_modified_time":"2025-10-02T11:24:31+00:00","og_image":[{"width":40,"height":40,"url":"https:\/\/t-erre.it\/wp-content\/uploads\/2025\/04\/icons8-pdf-40.png","type":"image\/png"}],"twitter_card":"summary_large_image","twitter_misc":{"Estimated reading time":"1 minute"},"schema":{"@context":"https:\/\/schema.org","@graph":[{"@type":"WebPage","@id":"https:\/\/t-erre.it\/azienda\/sostenibilita\/reports\/","url":"https:\/\/t-erre.it\/azienda\/sostenibilita\/reports\/","name":"Reports - T.ERRE","isPartOf":{"@id":"https:\/\/t-erre.it\/#website"},"primaryImageOfPage":{"@id":"https:\/\/t-erre.it\/azienda\/sostenibilita\/reports\/#primaryimage"},"image":{"@id":"https:\/\/t-erre.it\/azienda\/sostenibilita\/reports\/#primaryimage"},"thumbnailUrl":"https:\/\/t-erre.it\/wp-content\/uploads\/2025\/04\/icons8-pdf-40.png","datePublished":"2022-02-14T09:22:25+00:00","dateModified":"2025-10-02T11:24:31+00:00","breadcrumb":{"@id":"https:\/\/t-erre.it\/azienda\/sostenibilita\/reports\/#breadcrumb"},"inLanguage":"en-GB","potentialAction":[{"@type":"ReadAction","target":["https:\/\/t-erre.it\/azienda\/sostenibilita\/reports\/"]}]},{"@type":"ImageObject","inLanguage":"en-GB","@id":"https:\/\/t-erre.it\/azienda\/sostenibilita\/reports\/#primaryimage","url":"https:\/\/t-erre.it\/wp-content\/uploads\/2025\/04\/icons8-pdf-40.png","contentUrl":"https:\/\/t-erre.it\/wp-content\/uploads\/2025\/04\/icons8-pdf-40.png"},{"@type":"BreadcrumbList","@id":"https:\/\/t-erre.it\/azienda\/sostenibilita\/reports\/#breadcrumb","itemListElement":[{"@type":"ListItem","position":1,"name":"Home","item":"https:\/\/t-erre.it\/"},{"@type":"ListItem","position":2,"name":"Azienda","item":"https:\/\/t-erre.it\/azienda\/"},{"@type":"ListItem","position":3,"name":"Rispetto delle risorse naturali","item":"https:\/\/t-erre.it\/azienda\/sostenibilita\/"},{"@type":"ListItem","position":4,"name":"Reports"}]},{"@type":"WebSite","@id":"https:\/\/t-erre.it\/#website","url":"https:\/\/t-erre.it\/","name":"T.ERRE","description":"Tubazioni rigide e flessibili","publisher":{"@id":"https:\/\/t-erre.it\/#organization"},"potentialAction":[{"@type":"SearchAction","target":{"@type":"EntryPoint","urlTemplate":"https:\/\/t-erre.it\/?s={search_term_string}"},"query-input":{"@type":"PropertyValueSpecification","valueRequired":true,"valueName":"search_term_string"}}],"inLanguage":"en-GB"},{"@type":"Organization","@id":"https:\/\/t-erre.it\/#organization","name":"T.ERRE","url":"https:\/\/t-erre.it\/","logo":{"@type":"ImageObject","inLanguage":"en-GB","@id":"https:\/\/t-erre.it\/#\/schema\/logo\/image\/","url":"https:\/\/t-erre.it\/wp-content\/uploads\/2021\/12\/logo50.png","contentUrl":"https:\/\/t-erre.it\/wp-content\/uploads\/2021\/12\/logo50.png","width":1552,"height":800,"caption":"T.ERRE"},"image":{"@id":"https:\/\/t-erre.it\/#\/schema\/logo\/image\/"}}]}},"_links":{"self":[{"href":"https:\/\/t-erre.it\/en\/wp-json\/wp\/v2\/pages\/393","targetHints":{"allow":["GET"]}}],"collection":[{"href":"https:\/\/t-erre.it\/en\/wp-json\/wp\/v2\/pages"}],"about":[{"href":"https:\/\/t-erre.it\/en\/wp-json\/wp\/v2\/types\/page"}],"author":[{"embeddable":true,"href":"https:\/\/t-erre.it\/en\/wp-json\/wp\/v2\/users\/1"}],"replies":[{"embeddable":true,"href":"https:\/\/t-erre.it\/en\/wp-json\/wp\/v2\/comments?post=393"}],"version-history":[{"count":21,"href":"https:\/\/t-erre.it\/en\/wp-json\/wp\/v2\/pages\/393\/revisions"}],"predecessor-version":[{"id":1872,"href":"https:\/\/t-erre.it\/en\/wp-json\/wp\/v2\/pages\/393\/revisions\/1872"}],"up":[{"embeddable":true,"href":"https:\/\/t-erre.it\/en\/wp-json\/wp\/v2\/pages\/365"}],"wp:attachment":[{"href":"https:\/\/t-erre.it\/en\/wp-json\/wp\/v2\/media?parent=393"}],"curies":[{"name":"wp","href":"https:\/\/api.w.org\/{rel}","templated":true}]}}