{"id":374,"date":"2022-02-14T10:12:26","date_gmt":"2022-02-14T09:12:26","guid":{"rendered":"http:\/\/borghi-impiantiwp.dev.elogic.it\/?page_id=374"},"modified":"2025-09-22T14:42:15","modified_gmt":"2025-09-22T12:42:15","slug":"energia-e-ambiente","status":"publish","type":"page","link":"https:\/\/t-erre.it\/en\/azienda\/sostenibilita\/energia-e-ambiente\/","title":{"rendered":"Energia e Ambiente"},"content":{"rendered":"<p>T.ERRE \u00e8 da sempre attenta alla sostenibilit\u00e0 ambientale e alla responsabilit\u00e0 d\u2019impresa. Per questo, oltre a monitorare costantemente i consumi energetici e ridurre ogni forma di inefficienza, abbiamo scelto di fare un passo in pi\u00f9 verso un futuro a basse emissioni<\/p>\n<p>100% di energia da fonti rinnovabili<\/p>\n<p>La totalit\u00e0 dell\u2019energia elettrica utilizzata nei nostri stabilimenti proviene da fonti rinnovabili ed \u00e8 coperta al 100% da certificati di origine green (GO \u2013 Garanzie d\u2019Origine).<br \/>\nUna scelta concreta che contribuisce alla riduzione della nostra impronta carbonica e sostiene la transizione energetica nazionale ed europea.<\/p>\n<p>Questo impegno si inserisce in una pi\u00f9 ampia strategia ambientale, che comprende:<\/p>\n<ul>\n<li>la certificazione ambientale ISO 14001:2015<\/li>\n<li>il calcolo delle emissioni secondo lo standard ISO 14064<\/li>\n<li>la pubblicazione annuale del Bilancio di Sostenibilit\u00e0<\/li>\n<li>e l\u2019ambizioso obiettivo del Piano di Decarbonizzazione<\/li>\n<\/ul>\n<p>Gli\u00a0stabilimenti produttivi di T.ERRE sono inoltre dotati dal 2011 di una rete di impianti fotovoltaici\u00a0che oggi fornisce oltre il\u00a012% dell\u2019energia totale utilizzata.<\/p>","protected":false},"excerpt":{"rendered":"<p>T.ERRE \u00e8 da sempre attenta alla sostenibilit\u00e0 ambientale e alla responsabilit\u00e0 d\u2019impresa. Per questo, oltre a monitorare costantemente i consumi energetici e ridurre ogni forma di inefficienza, abbiamo scelto di fare un passo in pi\u00f9 verso un futuro a basse emissioni 100% di energia da fonti rinnovabili La totalit\u00e0 dell\u2019energia elettrica utilizzata nei nostri stabilimenti [&hellip;]<\/p>","protected":false},"author":1,"featured_media":0,"parent":365,"menu_order":0,"comment_status":"closed","ping_status":"closed","template":"","meta":{"_acf_changed":false,"footnotes":""},"class_list":["post-374","page","type-page","status-publish","hentry"],"acf":[],"yoast_head":"<!-- This site is optimized with the Yoast SEO plugin v25.1 - https:\/\/yoast.com\/wordpress\/plugins\/seo\/ -->\n<title>Energia e Ambiente - T.ERRE<\/title>\n<meta name=\"robots\" content=\"index, follow, max-snippet:-1, max-image-preview:large, max-video-preview:-1\" \/>\n<link rel=\"canonical\" href=\"https:\/\/t-erre.it\/en\/azienda\/sostenibilita\/energia-e-ambiente\/\" \/>\n<meta property=\"og:locale\" content=\"en_GB\" \/>\n<meta property=\"og:type\" content=\"article\" \/>\n<meta property=\"og:title\" content=\"Energia e Ambiente - T.ERRE\" \/>\n<meta property=\"og:description\" content=\"T.ERRE \u00e8 da sempre attenta alla sostenibilit\u00e0 ambientale e alla responsabilit\u00e0 d\u2019impresa. Per questo, oltre a monitorare costantemente i consumi energetici e ridurre ogni forma di inefficienza, abbiamo scelto di fare un passo in pi\u00f9 verso un futuro a basse emissioni 100% di energia da fonti rinnovabili La totalit\u00e0 dell\u2019energia elettrica utilizzata nei nostri stabilimenti [&hellip;]\" \/>\n<meta property=\"og:url\" content=\"https:\/\/t-erre.it\/en\/azienda\/sostenibilita\/energia-e-ambiente\/\" \/>\n<meta property=\"og:site_name\" content=\"T.ERRE\" \/>\n<meta property=\"article:modified_time\" content=\"2025-09-22T12:42:15+00:00\" \/>\n<meta name=\"twitter:card\" content=\"summary_large_image\" \/>\n<meta name=\"twitter:label1\" content=\"Estimated reading time\" \/>\n\t<meta name=\"twitter:data1\" content=\"1 minute\" \/>\n<script type=\"application\/ld+json\" class=\"yoast-schema-graph\">{\"@context\":\"https:\/\/schema.org\",\"@graph\":[{\"@type\":\"WebPage\",\"@id\":\"https:\/\/t-erre.it\/azienda\/sostenibilita\/energia-e-ambiente\/\",\"url\":\"https:\/\/t-erre.it\/azienda\/sostenibilita\/energia-e-ambiente\/\",\"name\":\"Energia e Ambiente - T.ERRE\",\"isPartOf\":{\"@id\":\"https:\/\/t-erre.it\/#website\"},\"datePublished\":\"2022-02-14T09:12:26+00:00\",\"dateModified\":\"2025-09-22T12:42:15+00:00\",\"breadcrumb\":{\"@id\":\"https:\/\/t-erre.it\/azienda\/sostenibilita\/energia-e-ambiente\/#breadcrumb\"},\"inLanguage\":\"en-GB\",\"potentialAction\":[{\"@type\":\"ReadAction\",\"target\":[\"https:\/\/t-erre.it\/azienda\/sostenibilita\/energia-e-ambiente\/\"]}]},{\"@type\":\"BreadcrumbList\",\"@id\":\"https:\/\/t-erre.it\/azienda\/sostenibilita\/energia-e-ambiente\/#breadcrumb\",\"itemListElement\":[{\"@type\":\"ListItem\",\"position\":1,\"name\":\"Home\",\"item\":\"https:\/\/t-erre.it\/\"},{\"@type\":\"ListItem\",\"position\":2,\"name\":\"Azienda\",\"item\":\"https:\/\/t-erre.it\/azienda\/\"},{\"@type\":\"ListItem\",\"position\":3,\"name\":\"Rispetto delle risorse naturali\",\"item\":\"https:\/\/t-erre.it\/azienda\/sostenibilita\/\"},{\"@type\":\"ListItem\",\"position\":4,\"name\":\"Energia e Ambiente\"}]},{\"@type\":\"WebSite\",\"@id\":\"https:\/\/t-erre.it\/#website\",\"url\":\"https:\/\/t-erre.it\/\",\"name\":\"T.ERRE\",\"description\":\"Tubazioni rigide e flessibili\",\"publisher\":{\"@id\":\"https:\/\/t-erre.it\/#organization\"},\"potentialAction\":[{\"@type\":\"SearchAction\",\"target\":{\"@type\":\"EntryPoint\",\"urlTemplate\":\"https:\/\/t-erre.it\/?s={search_term_string}\"},\"query-input\":{\"@type\":\"PropertyValueSpecification\",\"valueRequired\":true,\"valueName\":\"search_term_string\"}}],\"inLanguage\":\"en-GB\"},{\"@type\":\"Organization\",\"@id\":\"https:\/\/t-erre.it\/#organization\",\"name\":\"T.ERRE\",\"url\":\"https:\/\/t-erre.it\/\",\"logo\":{\"@type\":\"ImageObject\",\"inLanguage\":\"en-GB\",\"@id\":\"https:\/\/t-erre.it\/#\/schema\/logo\/image\/\",\"url\":\"https:\/\/t-erre.it\/wp-content\/uploads\/2021\/12\/logo50.png\",\"contentUrl\":\"https:\/\/t-erre.it\/wp-content\/uploads\/2021\/12\/logo50.png\",\"width\":1552,\"height\":800,\"caption\":\"T.ERRE\"},\"image\":{\"@id\":\"https:\/\/t-erre.it\/#\/schema\/logo\/image\/\"}}]}<\/script>\n<!-- \/ Yoast SEO plugin. -->","yoast_head_json":{"title":"Energia e Ambiente - T.ERRE","robots":{"index":"index","follow":"follow","max-snippet":"max-snippet:-1","max-image-preview":"max-image-preview:large","max-video-preview":"max-video-preview:-1"},"canonical":"https:\/\/t-erre.it\/en\/azienda\/sostenibilita\/energia-e-ambiente\/","og_locale":"en_GB","og_type":"article","og_title":"Energia e Ambiente - T.ERRE","og_description":"T.ERRE \u00e8 da sempre attenta alla sostenibilit\u00e0 ambientale e alla responsabilit\u00e0 d\u2019impresa. Per questo, oltre a monitorare costantemente i consumi energetici e ridurre ogni forma di inefficienza, abbiamo scelto di fare un passo in pi\u00f9 verso un futuro a basse emissioni 100% di energia da fonti rinnovabili La totalit\u00e0 dell\u2019energia elettrica utilizzata nei nostri stabilimenti [&hellip;]","og_url":"https:\/\/t-erre.it\/en\/azienda\/sostenibilita\/energia-e-ambiente\/","og_site_name":"T.ERRE","article_modified_time":"2025-09-22T12:42:15+00:00","twitter_card":"summary_large_image","twitter_misc":{"Estimated reading time":"1 minute"},"schema":{"@context":"https:\/\/schema.org","@graph":[{"@type":"WebPage","@id":"https:\/\/t-erre.it\/azienda\/sostenibilita\/energia-e-ambiente\/","url":"https:\/\/t-erre.it\/azienda\/sostenibilita\/energia-e-ambiente\/","name":"Energia e Ambiente - T.ERRE","isPartOf":{"@id":"https:\/\/t-erre.it\/#website"},"datePublished":"2022-02-14T09:12:26+00:00","dateModified":"2025-09-22T12:42:15+00:00","breadcrumb":{"@id":"https:\/\/t-erre.it\/azienda\/sostenibilita\/energia-e-ambiente\/#breadcrumb"},"inLanguage":"en-GB","potentialAction":[{"@type":"ReadAction","target":["https:\/\/t-erre.it\/azienda\/sostenibilita\/energia-e-ambiente\/"]}]},{"@type":"BreadcrumbList","@id":"https:\/\/t-erre.it\/azienda\/sostenibilita\/energia-e-ambiente\/#breadcrumb","itemListElement":[{"@type":"ListItem","position":1,"name":"Home","item":"https:\/\/t-erre.it\/"},{"@type":"ListItem","position":2,"name":"Azienda","item":"https:\/\/t-erre.it\/azienda\/"},{"@type":"ListItem","position":3,"name":"Rispetto delle risorse naturali","item":"https:\/\/t-erre.it\/azienda\/sostenibilita\/"},{"@type":"ListItem","position":4,"name":"Energia e Ambiente"}]},{"@type":"WebSite","@id":"https:\/\/t-erre.it\/#website","url":"https:\/\/t-erre.it\/","name":"T.ERRE","description":"Tubazioni rigide e flessibili","publisher":{"@id":"https:\/\/t-erre.it\/#organization"},"potentialAction":[{"@type":"SearchAction","target":{"@type":"EntryPoint","urlTemplate":"https:\/\/t-erre.it\/?s={search_term_string}"},"query-input":{"@type":"PropertyValueSpecification","valueRequired":true,"valueName":"search_term_string"}}],"inLanguage":"en-GB"},{"@type":"Organization","@id":"https:\/\/t-erre.it\/#organization","name":"T.ERRE","url":"https:\/\/t-erre.it\/","logo":{"@type":"ImageObject","inLanguage":"en-GB","@id":"https:\/\/t-erre.it\/#\/schema\/logo\/image\/","url":"https:\/\/t-erre.it\/wp-content\/uploads\/2021\/12\/logo50.png","contentUrl":"https:\/\/t-erre.it\/wp-content\/uploads\/2021\/12\/logo50.png","width":1552,"height":800,"caption":"T.ERRE"},"image":{"@id":"https:\/\/t-erre.it\/#\/schema\/logo\/image\/"}}]}},"_links":{"self":[{"href":"https:\/\/t-erre.it\/en\/wp-json\/wp\/v2\/pages\/374","targetHints":{"allow":["GET"]}}],"collection":[{"href":"https:\/\/t-erre.it\/en\/wp-json\/wp\/v2\/pages"}],"about":[{"href":"https:\/\/t-erre.it\/en\/wp-json\/wp\/v2\/types\/page"}],"author":[{"embeddable":true,"href":"https:\/\/t-erre.it\/en\/wp-json\/wp\/v2\/users\/1"}],"replies":[{"embeddable":true,"href":"https:\/\/t-erre.it\/en\/wp-json\/wp\/v2\/comments?post=374"}],"version-history":[{"count":16,"href":"https:\/\/t-erre.it\/en\/wp-json\/wp\/v2\/pages\/374\/revisions"}],"predecessor-version":[{"id":1866,"href":"https:\/\/t-erre.it\/en\/wp-json\/wp\/v2\/pages\/374\/revisions\/1866"}],"up":[{"embeddable":true,"href":"https:\/\/t-erre.it\/en\/wp-json\/wp\/v2\/pages\/365"}],"wp:attachment":[{"href":"https:\/\/t-erre.it\/en\/wp-json\/wp\/v2\/media?parent=374"}],"curies":[{"name":"wp","href":"https:\/\/api.w.org\/{rel}","templated":true}]}}